{"id":112397,"date":"2024-06-05T11:35:55","date_gmt":"2024-06-05T09:35:55","guid":{"rendered":"https:\/\/stafi.de\/produkt\/raccord-union-etancheite-conique-ff\/"},"modified":"2024-06-05T11:35:55","modified_gmt":"2024-06-05T09:35:55","slug":"raccord-union-etancheite-conique-ff","status":"publish","type":"product","link":"https:\/\/stafi.de\/fr\/produkt\/raccord-union-etancheite-conique-ff\/","title":{"rendered":"Raccord union \u00e9tanch\u00e9it\u00e9 conique FF"},"content":{"rendered":"","protected":false},"excerpt":{"rendered":"","protected":false},"featured_media":106995,"template":"","meta":[],"product_brand":[],"product_cat":[252],"product_tag":[],"class_list":{"0":"post-112397","1":"product","2":"type-product","3":"status-publish","4":"has-post-thumbnail","6":"product_cat-dinfittings-fr","8":"first","9":"instock","10":"shipping-taxable","11":"purchasable","12":"product-type-variable","13":"has-default-attributes"},"_links":{"self":[{"href":"https:\/\/stafi.de\/fr\/wp-json\/wp\/v2\/product\/112397","targetHints":{"allow":["GET"]}}],"collection":[{"href":"https:\/\/stafi.de\/fr\/wp-json\/wp\/v2\/product"}],"about":[{"href":"https:\/\/stafi.de\/fr\/wp-json\/wp\/v2\/types\/product"}],"wp:featuredmedia":[{"embeddable":true,"href":"https:\/\/stafi.de\/fr\/wp-json\/wp\/v2\/media\/106995"}],"wp:attachment":[{"href":"https:\/\/stafi.de\/fr\/wp-json\/wp\/v2\/media?parent=112397"}],"wp:term":[{"taxonomy":"product_brand","embeddable":true,"href":"https:\/\/stafi.de\/fr\/wp-json\/wp\/v2\/product_brand?post=112397"},{"taxonomy":"product_cat","embeddable":true,"href":"https:\/\/stafi.de\/fr\/wp-json\/wp\/v2\/product_cat?post=112397"},{"taxonomy":"product_tag","embeddable":true,"href":"https:\/\/stafi.de\/fr\/wp-json\/wp\/v2\/product_tag?post=112397"}],"curies":[{"name":"wp","href":"https:\/\/api.w.org\/{rel}","templated":true}]}}