{"id":110814,"date":"2024-06-04T12:52:30","date_gmt":"2024-06-04T10:52:30","guid":{"rendered":"https:\/\/stafi.de\/produkt\/extremite-a-souder\/"},"modified":"2024-06-04T12:52:30","modified_gmt":"2024-06-04T10:52:30","slug":"extremite-a-souder","status":"publish","type":"product","link":"https:\/\/stafi.de\/fr\/produkt\/extremite-a-souder\/","title":{"rendered":"Extr\u00e9mit\u00e9 \u00e0 souder"},"content":{"rendered":"","protected":false},"excerpt":{"rendered":"","protected":false},"featured_media":106915,"template":"","meta":[],"product_brand":[],"product_cat":[252],"product_tag":[],"class_list":{"0":"post-110814","1":"product","2":"type-product","3":"status-publish","4":"has-post-thumbnail","6":"product_cat-dinfittings-fr","8":"first","9":"instock","10":"shipping-taxable","11":"purchasable","12":"product-type-variable","13":"has-default-attributes"},"_links":{"self":[{"href":"https:\/\/stafi.de\/fr\/wp-json\/wp\/v2\/product\/110814","targetHints":{"allow":["GET"]}}],"collection":[{"href":"https:\/\/stafi.de\/fr\/wp-json\/wp\/v2\/product"}],"about":[{"href":"https:\/\/stafi.de\/fr\/wp-json\/wp\/v2\/types\/product"}],"wp:featuredmedia":[{"embeddable":true,"href":"https:\/\/stafi.de\/fr\/wp-json\/wp\/v2\/media\/106915"}],"wp:attachment":[{"href":"https:\/\/stafi.de\/fr\/wp-json\/wp\/v2\/media?parent=110814"}],"wp:term":[{"taxonomy":"product_brand","embeddable":true,"href":"https:\/\/stafi.de\/fr\/wp-json\/wp\/v2\/product_brand?post=110814"},{"taxonomy":"product_cat","embeddable":true,"href":"https:\/\/stafi.de\/fr\/wp-json\/wp\/v2\/product_cat?post=110814"},{"taxonomy":"product_tag","embeddable":true,"href":"https:\/\/stafi.de\/fr\/wp-json\/wp\/v2\/product_tag?post=110814"}],"curies":[{"name":"wp","href":"https:\/\/api.w.org\/{rel}","templated":true}]}}