{"id":107266,"date":"2024-06-17T13:31:45","date_gmt":"2024-06-17T11:31:45","guid":{"rendered":"https:\/\/stafi.de\/sonderteile-und-zeichnungsteile\/"},"modified":"2024-07-31T23:36:15","modified_gmt":"2024-07-31T21:36:15","slug":"sonderteile-und-zeichnungsteile","status":"publish","type":"page","link":"https:\/\/stafi.de\/fr\/sonderteile-und-zeichnungsteile\/","title":{"rendered":"Pi\u00e8ces sp\u00e9ciales et pi\u00e8ces sur plan"},"content":{"rendered":"","protected":false},"excerpt":{"rendered":"","protected":false},"author":1,"featured_media":0,"parent":0,"menu_order":0,"comment_status":"closed","ping_status":"closed","template":"","meta":{"footnotes":""},"class_list":["post-107266","page","type-page","status-publish","hentry"],"_links":{"self":[{"href":"https:\/\/stafi.de\/fr\/wp-json\/wp\/v2\/pages\/107266","targetHints":{"allow":["GET"]}}],"collection":[{"href":"https:\/\/stafi.de\/fr\/wp-json\/wp\/v2\/pages"}],"about":[{"href":"https:\/\/stafi.de\/fr\/wp-json\/wp\/v2\/types\/page"}],"author":[{"embeddable":true,"href":"https:\/\/stafi.de\/fr\/wp-json\/wp\/v2\/users\/1"}],"replies":[{"embeddable":true,"href":"https:\/\/stafi.de\/fr\/wp-json\/wp\/v2\/comments?post=107266"}],"version-history":[{"count":3,"href":"https:\/\/stafi.de\/fr\/wp-json\/wp\/v2\/pages\/107266\/revisions"}],"predecessor-version":[{"id":113343,"href":"https:\/\/stafi.de\/fr\/wp-json\/wp\/v2\/pages\/107266\/revisions\/113343"}],"wp:attachment":[{"href":"https:\/\/stafi.de\/fr\/wp-json\/wp\/v2\/media?parent=107266"}],"curies":[{"name":"wp","href":"https:\/\/api.w.org\/{rel}","templated":true}]}}